{"id":86,"date":"2025-02-28T08:45:00","date_gmt":"2025-02-28T07:45:00","guid":{"rendered":"https:\/\/airspe.org\/?page_id=86"},"modified":"2025-09-08T10:12:58","modified_gmt":"2025-09-08T08:12:58","slug":"appels-a-articles","status":"publish","type":"page","link":"https:\/\/airspe.org\/index.php\/la-revue\/appels-a-articles\/","title":{"rendered":"Appels \u00e0 Articles"},"content":{"rendered":"<ul style=\"margin-right:0;margin-left:0;\" class=\"wp-block-latest-posts__list has-dates wp-block-latest-posts\"><li><a class=\"wp-block-latest-posts__post-title\" href=\"https:\/\/airspe.org\/index.php\/2025\/05\/06\/appel-a-articles-2026\/\">Appel \u00e0 articles &#8211; 2026<\/a><time datetime=\"2025-05-06T13:40:54+02:00\" class=\"wp-block-latest-posts__post-date\">6 May 2025<\/time><div class=\"wp-block-latest-posts__post-excerpt\">Appel \u00e0 textes pour&nbsp;la revue class\u00e9e L\u2019Ann\u00e9e de la recherche en sciences de l\u2019\u00e9ducation&nbsp; num\u00e9ro 2026 Les sciences de la nature et les \u00e9ducations diff\u00e9renci\u00e9es&nbsp;Sous la direction de Johann-G\u00fcnther Egginger &amp; Laurent Gutierrez L\u2019introduction d\u2019un enseignement obligatoire des sciences dans les programmes de l\u2019\u00e9cole primaire en France est une innovation importante de la loi du 28 mars 1882. En effet, l\u2019article premier de la loi Guizot (28 juin 1833) ne pr\u00e9voyait que des enseignements de sciences physiques et d\u2019histoire naturelle applicables aux usages de la vie, uniquement pour l\u2019instruction primaire sup\u00e9rieure. Quant \u00e0 l\u2019article 23 de la loi Falloux (15\u2026 <a class=\"wp-block-latest-posts__read-more\" href=\"https:\/\/airspe.org\/index.php\/2025\/05\/06\/appel-a-articles-2026\/\" rel=\"noopener noreferrer\">Read more<span class=\"screen-reader-text\">: Appel \u00e0 articles &#8211; 2026<\/span><\/a><\/div><\/li>\n<\/ul>\n\n\n<p><\/p>\n","protected":false},"excerpt":{"rendered":"","protected":false},"author":1,"featured_media":0,"parent":139,"menu_order":0,"comment_status":"closed","ping_status":"closed","template":"","meta":{"site-sidebar-layout":"default","site-content-layout":"","ast-site-content-layout":"default","site-content-style":"default","site-sidebar-style":"default","ast-global-header-display":"","ast-banner-title-visibility":"","ast-main-header-display":"","ast-hfb-above-header-display":"","ast-hfb-below-header-display":"","ast-hfb-mobile-header-display":"","site-post-title":"","ast-breadcrumbs-content":"","ast-featured-img":"disabled","footer-sml-layout":"","ast-disable-related-posts":"","theme-transparent-header-meta":"","adv-header-id-meta":"","stick-header-meta":"","header-above-stick-meta":"","header-main-stick-meta":"","header-below-stick-meta":"","astra-migrate-meta-layouts":"default","ast-page-background-enabled":"default","ast-page-background-meta":{"desktop":{"background-color":"var(--ast-global-color-5)","background-image":"","background-repeat":"repeat","background-position":"center center","background-size":"auto","background-attachment":"scroll","background-type":"","background-media":"","overlay-type":"","overlay-color":"","overlay-opacity":"","overlay-gradient":""},"tablet":{"background-color":"","background-image":"","background-repeat":"repeat","background-position":"center center","background-size":"auto","background-attachment":"scroll","background-type":"","background-media":"","overlay-type":"","overlay-color":"","overlay-opacity":"","overlay-gradient":""},"mobile":{"background-color":"","background-image":"","background-repeat":"repeat","background-position":"center center","background-size":"auto","background-attachment":"scroll","background-type":"","background-media":"","overlay-type":"","overlay-color":"","overlay-opacity":"","overlay-gradient":""}},"ast-content-background-meta":{"desktop":{"background-color":"var(--ast-global-color-4)","background-image":"","background-repeat":"repeat","background-position":"center center","background-size":"auto","background-attachment":"scroll","background-type":"","background-media":"","overlay-type":"","overlay-color":"","overlay-opacity":"","overlay-gradient":""},"tablet":{"background-color":"var(--ast-global-color-4)","background-image":"","background-repeat":"repeat","background-position":"center center","background-size":"auto","background-attachment":"scroll","background-type":"","background-media":"","overlay-type":"","overlay-color":"","overlay-opacity":"","overlay-gradient":""},"mobile":{"background-color":"var(--ast-global-color-4)","background-image":"","background-repeat":"repeat","background-position":"center center","background-size":"auto","background-attachment":"scroll","background-type":"","background-media":"","overlay-type":"","overlay-color":"","overlay-opacity":"","overlay-gradient":""}},"footnotes":""},"class_list":["post-86","page","type-page","status-publish","hentry"],"_links":{"self":[{"href":"https:\/\/airspe.org\/index.php\/wp-json\/wp\/v2\/pages\/86","targetHints":{"allow":["GET"]}}],"collection":[{"href":"https:\/\/airspe.org\/index.php\/wp-json\/wp\/v2\/pages"}],"about":[{"href":"https:\/\/airspe.org\/index.php\/wp-json\/wp\/v2\/types\/page"}],"author":[{"embeddable":true,"href":"https:\/\/airspe.org\/index.php\/wp-json\/wp\/v2\/users\/1"}],"replies":[{"embeddable":true,"href":"https:\/\/airspe.org\/index.php\/wp-json\/wp\/v2\/comments?post=86"}],"version-history":[{"count":21,"href":"https:\/\/airspe.org\/index.php\/wp-json\/wp\/v2\/pages\/86\/revisions"}],"predecessor-version":[{"id":397,"href":"https:\/\/airspe.org\/index.php\/wp-json\/wp\/v2\/pages\/86\/revisions\/397"}],"up":[{"embeddable":true,"href":"https:\/\/airspe.org\/index.php\/wp-json\/wp\/v2\/pages\/139"}],"wp:attachment":[{"href":"https:\/\/airspe.org\/index.php\/wp-json\/wp\/v2\/media?parent=86"}],"curies":[{"name":"wp","href":"https:\/\/api.w.org\/{rel}","templated":true}]}}