{"id":75,"date":"2025-02-28T08:30:20","date_gmt":"2025-02-28T07:30:20","guid":{"rendered":"https:\/\/airspe.org\/?page_id=75"},"modified":"2025-09-08T09:45:30","modified_gmt":"2025-09-08T07:45:30","slug":"adherer-a-lassociation","status":"publish","type":"page","link":"https:\/\/airspe.org\/index.php\/lassociation\/adherer-a-lassociation\/","title":{"rendered":"Adh\u00e9rer ou Contribuer"},"content":{"rendered":"\n<p>L\u2019AIRSPE \u2013 Association Internationale pour la Recherche Scientifique et Praxique en \u00c9ducation, rassemble des chercheurs, praticiens, enseignants et acteurs du champ \u00e9ducatif. Elle s\u2019inscrit dans une tradition ancienne, initi\u00e9e en 1969, qui vise \u00e0 d\u00e9velopper une recherche scientifique en \u00e9ducation attentive \u00e0 la praxis et aux r\u00e9alit\u00e9s du terrain.<\/p>\n\n\n\n<h2 class=\"wp-block-heading\">Pourquoi adh\u00e9rer ?<\/h2>\n\n\n\n<p>Adh\u00e9rer \u00e0 l\u2019AIRSPE, c\u2019est : <br>\u00b7 soutenir une association qui place au c\u0153ur de ses actions le dialogue entre recherche scientifique et pratiques \u00e9ducatives<br>\u00b7 rejoindre un r\u00e9seau international d\u2019\u00e9changes et de coop\u00e9ration en \u00e9ducation<br>\u00b7 contribuer \u00e0 l\u2019organisation de colloques, s\u00e9minaires et symposiums<br>\u00b7 prendre part \u00e0 une r\u00e9flexion critique et collective sur l\u2019\u00e9volution des champs \u00e9ducatifs<br>\u00b7 affirmer un engagement \u00e9thique fond\u00e9 sur la coop\u00e9ration, le partage des savoirs et l\u2019ouverture.<\/p>\n\n\n\n<h2 class=\"wp-block-heading\">Modalit\u00e9s d\u2019adh\u00e9sion<\/h2>\n\n\n\n<p>Pour adh\u00e9rer \u00e0 l&#8217;association, deux possibilit\u00e9s s&#8217;offrent \u00e0 vous :<\/p>\n\n\n\n<p>1. Remplir la fiche d\u2019adh\u00e9sion annuelle (\u00e0 demander par courriel)<br>2. Effectuer le r\u00e8glement de la cotisation en pr\u00e9cisant vos nom et pr\u00e9nom<br>3. Retourner la fiche d\u2019adh\u00e9sion compl\u00e9t\u00e9e par courrier \u00e9lectronique \u00e0 l\u2019adresse indiqu\u00e9e.<\/p>\n\n\n\n<p>Ou bien :<\/p>\n\n\n\n<p>Sur notre page HelloAsso :<a href=\"https:\/\/www.helloasso.com\/associations\/association-internationale-pour-la-recherche-scientifique-et-praxique-en-education-airspe\/adhesions\/adhesion-2025\"> <\/a><a href=\"https:\/\/www.helloasso.com\/associations\/association-internationale-pour-la-recherche-scientifique-et-praxique-en-education-airspe\">https:\/\/www.helloasso.com\/associations\/association-internationale-pour-la-recherche-scientifique-et-praxique-en-education-airspe<\/a><\/p>\n\n\n\n<p>Nous vous encourageons \u00e0 adh\u00e9rer sans attendre afin de prendre part aux activit\u00e9s \u00e0 venir et de soutenir la poursuite des projets de l\u2019association.<\/p>\n\n\n\n<p>Adh\u00e9rer \u00e0 l\u2019AIRSPE, c\u2019est contribuer \u00e0 une d\u00e9marche collective qui associe rigueur scientifique et engagement \u00e9ducatif.<\/p>\n","protected":false},"excerpt":{"rendered":"<p>L\u2019AIRSPE \u2013 Association Internationale pour la Recherche Scientifique et Praxique en \u00c9ducation, rassemble des chercheurs, praticiens, enseignants et acteurs du champ \u00e9ducatif. Elle s\u2019inscrit dans une tradition ancienne, initi\u00e9e en 1969, qui vise \u00e0 d\u00e9velopper une recherche scientifique en \u00e9ducation attentive \u00e0 la praxis et aux r\u00e9alit\u00e9s du terrain. Pourquoi adh\u00e9rer ? Adh\u00e9rer \u00e0 l\u2019AIRSPE, [&hellip;]<\/p>\n","protected":false},"author":1,"featured_media":0,"parent":137,"menu_order":0,"comment_status":"closed","ping_status":"closed","template":"","meta":{"site-sidebar-layout":"default","site-content-layout":"","ast-site-content-layout":"default","site-content-style":"default","site-sidebar-style":"default","ast-global-header-display":"","ast-banner-title-visibility":"","ast-main-header-display":"","ast-hfb-above-header-display":"","ast-hfb-below-header-display":"","ast-hfb-mobile-header-display":"","site-post-title":"","ast-breadcrumbs-content":"","ast-featured-img":"","footer-sml-layout":"","ast-disable-related-posts":"","theme-transparent-header-meta":"","adv-header-id-meta":"","stick-header-meta":"","header-above-stick-meta":"","header-main-stick-meta":"","header-below-stick-meta":"","astra-migrate-meta-layouts":"default","ast-page-background-enabled":"default","ast-page-background-meta":{"desktop":{"background-color":"var(--ast-global-color-5)","background-image":"","background-repeat":"repeat","background-position":"center center","background-size":"auto","background-attachment":"scroll","background-type":"","background-media":"","overlay-type":"","overlay-color":"","overlay-opacity":"","overlay-gradient":""},"tablet":{"background-color":"","background-image":"","background-repeat":"repeat","background-position":"center center","background-size":"auto","background-attachment":"scroll","background-type":"","background-media":"","overlay-type":"","overlay-color":"","overlay-opacity":"","overlay-gradient":""},"mobile":{"background-color":"","background-image":"","background-repeat":"repeat","background-position":"center center","background-size":"auto","background-attachment":"scroll","background-type":"","background-media":"","overlay-type":"","overlay-color":"","overlay-opacity":"","overlay-gradient":""}},"ast-content-background-meta":{"desktop":{"background-color":"var(--ast-global-color-4)","background-image":"","background-repeat":"repeat","background-position":"center center","background-size":"auto","background-attachment":"scroll","background-type":"","background-media":"","overlay-type":"","overlay-color":"","overlay-opacity":"","overlay-gradient":""},"tablet":{"background-color":"var(--ast-global-color-4)","background-image":"","background-repeat":"repeat","background-position":"center center","background-size":"auto","background-attachment":"scroll","background-type":"","background-media":"","overlay-type":"","overlay-color":"","overlay-opacity":"","overlay-gradient":""},"mobile":{"background-color":"var(--ast-global-color-4)","background-image":"","background-repeat":"repeat","background-position":"center center","background-size":"auto","background-attachment":"scroll","background-type":"","background-media":"","overlay-type":"","overlay-color":"","overlay-opacity":"","overlay-gradient":""}},"footnotes":""},"class_list":["post-75","page","type-page","status-publish","hentry"],"_links":{"self":[{"href":"https:\/\/airspe.org\/index.php\/wp-json\/wp\/v2\/pages\/75","targetHints":{"allow":["GET"]}}],"collection":[{"href":"https:\/\/airspe.org\/index.php\/wp-json\/wp\/v2\/pages"}],"about":[{"href":"https:\/\/airspe.org\/index.php\/wp-json\/wp\/v2\/types\/page"}],"author":[{"embeddable":true,"href":"https:\/\/airspe.org\/index.php\/wp-json\/wp\/v2\/users\/1"}],"replies":[{"embeddable":true,"href":"https:\/\/airspe.org\/index.php\/wp-json\/wp\/v2\/comments?post=75"}],"version-history":[{"count":6,"href":"https:\/\/airspe.org\/index.php\/wp-json\/wp\/v2\/pages\/75\/revisions"}],"predecessor-version":[{"id":373,"href":"https:\/\/airspe.org\/index.php\/wp-json\/wp\/v2\/pages\/75\/revisions\/373"}],"up":[{"embeddable":true,"href":"https:\/\/airspe.org\/index.php\/wp-json\/wp\/v2\/pages\/137"}],"wp:attachment":[{"href":"https:\/\/airspe.org\/index.php\/wp-json\/wp\/v2\/media?parent=75"}],"curies":[{"name":"wp","href":"https:\/\/api.w.org\/{rel}","templated":true}]}}