{"id":226,"date":"2025-04-11T17:30:00","date_gmt":"2025-04-11T15:30:00","guid":{"rendered":"https:\/\/airspe.org\/?page_id=226"},"modified":"2026-02-16T15:30:04","modified_gmt":"2026-02-16T14:30:04","slug":"auteurs","status":"publish","type":"page","link":"https:\/\/airspe.org\/index.php\/la-revue\/auteurs\/","title":{"rendered":"Auteurs"},"content":{"rendered":"\n<p style=\"margin: 0;\"><a href=\"https:\/\/airspe.org\/index.php\/la-revue\/auteurs\/lisa-adamski\/\"><font style=\"font-feature-settings: 'smcp'\" font=\"\" >ADAMSKI, Lisa<\/font><\/a><\/p>\n<p style=\"margin: 0;\"><a href=\"https:\/\/airspe.org\/index.php\/la-revue\/auteurs\/jean-francois-albert\/\"><font style=\"font-feature-settings: 'smcp'\" font=\"\" >ALBERT, Jean-Fran\u00e7ois<\/font><\/a><\/p>\n<p style=\"margin: 0;\"><a href=\"https:\/\/airspe.org\/index.php\/la-revue\/auteurs\/camille-amilhat\/\"><font style=\"font-feature-settings: 'smcp'\" font=\"\" >AMILHAT, Camille<\/font><\/a><\/p>\n<p style=\"margin: 0;\"><a href=\"https:\/\/airspe.org\/index.php\/la-revue\/auteurs\/del-aram-bidabad\/\"><font style=\"font-feature-settings: 'smcp'\" font=\"\" >BIDABAD, Del Aram<\/font><\/a><\/p>\n<p style=\"margin: 0;\"><a href=\"https:\/\/airspe.org\/index.php\/la-revue\/auteurs\/denis-bignalet-cazalet\/\"><font style=\"font-feature-settings: 'smcp'\" font=\"\" >BIGNALET-CAZALET, Denis<\/font><\/a><\/p>\n<p style=\"margin: 0;\"><a href=\"https:\/\/airspe.org\/index.php\/la-revue\/auteurs\/servane-boursier\/\"><font style=\"font-feature-settings: 'smcp'\" font=\"\" >BOURSIER, Servane<\/font><\/a><\/p>\n<p style=\"margin: 0;\"><a href=\"https:\/\/airspe.org\/index.php\/la-revue\/auteurs\/pierre-antoine-coene\/\"><font style=\"font-feature-settings: 'smcp'\" font=\"\" >COENE, Pierre-Antoine<\/font><\/a><\/p>\n<p style=\"margin: 0;\"><a href=\"https:\/\/airspe.org\/index.php\/la-revue\/auteurs\/xavier-cosnard\/\"><font style=\"font-feature-settings: 'smcp'\" font=\"\" >COSNARD, Xavier<\/font><\/a><\/p>\n<p style=\"margin: 0;\"><a href=\"https:\/\/airspe.org\/index.php\/la-revue\/auteurs\/anne-delcourt\/\"><font style=\"font-feature-settings: 'smcp'\" font=\"\" >DELCOURT, Anne<\/font><\/a><\/p>\n<p style=\"margin: 0;\"><a href=\"https:\/\/airspe.org\/index.php\/la-revue\/auteurs\/nicolas-epinoux\/\"><font style=\"font-feature-settings: 'smcp'\" font=\"\" >EPINOUX, Nicolas<\/font><\/a><\/p>\n<p style=\"margin: 0;\"><a href=\"https:\/\/airspe.org\/index.php\/la-revue\/auteurs\/nabila-errami\/\"><font style=\"font-feature-settings: 'smcp'\" font=\"\" >ERRAMI, Nabila<\/font><\/a><\/p>\n<p style=\"margin: 0;\"><a href=\"https:\/\/airspe.org\/index.php\/la-revue\/auteurs\/marie-eschmann\/\"><font style=\"font-feature-settings: 'smcp'\" font=\"\" >ESCHMANN, Marie-France<\/font><\/a><\/p>\n<p style=\"margin: 0;\"><a href=\"https:\/\/airspe.org\/index.php\/la-revue\/auteurs\/marie-france-fanton-bayrou\/\"><font style=\"font-feature-settings: 'smcp'\" font=\"\" >FANTON-BAYROU, Marie<\/font><\/a><\/p>\n<p style=\"margin: 0;\"><a href=\"https:\/\/airspe.org\/index.php\/la-revue\/auteurs\/olivier-francomme\/\"><font style=\"font-feature-settings: 'smcp'\" font=\"\" >FRANCOMME, Olivier<\/font><\/a><\/p>\n<p style=\"margin: 0;\"><a href=\"https:\/\/airspe.org\/index.php\/la-revue\/auteurs\/vincent-gevrey\/\"><font style=\"font-feature-settings: 'smcp'\" font=\"\" >GEVREY, Vincent<\/font><\/a><\/p>\n<p style=\"margin: 0;\"><a href=\"https:\/\/airspe.org\/index.php\/la-revue\/auteurs\/Magdalena-kohout-diaz\/\"><font style=\"font-feature-settings: 'smcp'\" font=\"\" >KOHOUT-DIAZ, Magdalena<\/font><\/a><\/p>\n<p style=\"margin: 0;\"><a href=\"https:\/\/airspe.org\/index.php\/la-revue\/auteurs\/pierre-johan-laffitte\/\"><font style=\"font-feature-settings: 'smcp'\" font=\"\" >LAFFITTE, Pierre Johan<\/font><\/a><\/p>\n<p style=\"margin: 0;\"><a href=\"https:\/\/airspe.org\/index.php\/la-revue\/auteurs\/dimitri-le-roy\/\"><font style=\"font-feature-settings: 'smcp'\" font=\"\" >LE ROY, Dimitri<\/font><\/a><\/p>\n<p style=\"margin: 0;\"><a href=\"https:\/\/airspe.org\/index.php\/la-revue\/auteurs\/pierre-lignee\/\"><font style=\"font-feature-settings: 'smcp'\" font=\"\" >LIGN\u00c9E, Pierre<\/font><\/a><\/p>\n<p style=\"margin: 0;\"><a href=\"https:\/\/airspe.org\/index.php\/la-revue\/auteurs\/augustin-mutuale\/\"><font style=\"font-feature-settings: 'smcp'\" font=\"\" >MUTUALE, Augustin<\/font><\/a><\/p>\n<p style=\"margin: 0;\"><a href=\"https:\/\/airspe.org\/index.php\/la-revue\/auteurs\/anne-olivier\/\"><font style=\"font-feature-settings: 'smcp'\" font=\"\" >OLIVIER, Anne<\/font><\/a><\/p>\n<p style=\"margin: 0;\"><a href=\"https:\/\/airspe.org\/index.php\/la-revue\/auteurs\/florent-pasquier\/\"><font style=\"font-feature-settings: 'smcp'\" font=\"\" >PASQUIER, Florent<\/font><\/a><\/p>\n<p style=\"margin: 0;\"><a href=\"https:\/\/airspe.org\/index.php\/la-revue\/auteurs\/veronique-pinoteau\/\"><font style=\"font-feature-settings: 'smcp'\" font=\"\" >PINOTEAU, V\u00e9ronique<\/font><\/a><\/p>\n<p style=\"margin: 0;\"><a href=\"https:\/\/airspe.org\/index.php\/la-revue\/auteurs\/alexandre-ploye\/\"><font style=\"font-feature-settings: 'smcp'\" font=\"\" >PLOY\u00c9, Alexandre<\/font><\/a><\/p>\n<p style=\"margin: 0;\"><a href=\"https:\/\/airspe.org\/index.php\/la-revue\/auteurs\/remi-poymiro\/\"><font style=\"font-feature-settings: 'smcp'\" font=\"\" >POYMIRO, R\u00e9mi<\/font><\/a><\/p>\n<p style=\"margin: 0;\"><a href=\"https:\/\/airspe.org\/index.php\/la-revue\/auteurs\/veronique-riviere\/\"><font style=\"font-feature-settings: 'smcp'\" font=\"\" >RIVI\u00c8RE, V\u00e9ronique<\/font><\/a><\/p>\n<p style=\"margin: 0;\"><a href=\"https:\/\/airspe.org\/index.php\/la-revue\/auteurs\/jean-claude-sallaberry\/\"><font style=\"font-feature-settings: 'smcp'\" font=\"\" >SALLABERRY, Jean-Claude<\/font><\/a><\/p>\n<p style=\"margin: 0;\"><a href=\"https:\/\/airspe.org\/index.php\/la-revue\/auteurs\/ricardo-tome-pena\/\"><font style=\"font-feature-settings: 'smcp'\" font=\"\" >TOM\u00c9 PE\u00d1A, Ricardo<\/font><\/a><\/p>\n<p style=\"margin: 0;\"><a href=\"https:\/\/airspe.org\/index.php\/la-revue\/auteurs\/jean-christophe-tutin\/\"><font style=\"font-feature-settings: 'smcp'\" font=\"\" >TUTIN, Jean-Christophe<\/font><\/a><\/p>\n<p style=\"margin: 0;\"><a href=\"https:\/\/airspe.org\/index.php\/la-revue\/auteurs\/jean-vannereau\/\"><font style=\"font-feature-settings: 'smcp'\" font=\"\" >VANNEREAU, Jean<\/font><\/a><\/p>\n<p style=\"margin: 0;\"><a href=\"https:\/\/airspe.org\/index.php\/la-revue\/auteurs\/barbara-verite\/\"><font style=\"font-feature-settings: 'smcp'\" font=\"\" >V\u00c9RIT\u00c9, Barbara<\/font><\/a><\/p>\n<p style=\"margin: 0;\"><a href=\"https:\/\/airspe.org\/index.php\/la-revue\/auteurs\/guy-vidal\/\"><font style=\"font-feature-settings: 'smcp'\" font=\"\" >VIDAL, Guy<\/font><\/a><\/p>\n","protected":false},"excerpt":{"rendered":"<p>ADAMSKI, Lisa ALBERT, Jean-Fran\u00e7ois AMILHAT, Camille BIDABAD, Del Aram BIGNALET-CAZALET, Denis BOURSIER, Servane COENE, Pierre-Antoine COSNARD, Xavier DELCOURT, Anne EPINOUX, Nicolas ERRAMI, Nabila ESCHMANN, Marie-France FANTON-BAYROU, Marie FRANCOMME, Olivier GEVREY, Vincent KOHOUT-DIAZ, Magdalena LAFFITTE, Pierre Johan LE ROY, Dimitri LIGN\u00c9E, Pierre MUTUALE, Augustin OLIVIER, Anne PASQUIER, Florent PINOTEAU, V\u00e9ronique PLOY\u00c9, Alexandre POYMIRO, R\u00e9mi RIVI\u00c8RE, V\u00e9ronique [&hellip;]<\/p>\n","protected":false},"author":1,"featured_media":0,"parent":139,"menu_order":0,"comment_status":"closed","ping_status":"closed","template":"","meta":{"site-sidebar-layout":"default","site-content-layout":"","ast-site-content-layout":"default","site-content-style":"default","site-sidebar-style":"default","ast-global-header-display":"","ast-banner-title-visibility":"","ast-main-header-display":"","ast-hfb-above-header-display":"","ast-hfb-below-header-display":"","ast-hfb-mobile-header-display":"","site-post-title":"","ast-breadcrumbs-content":"","ast-featured-img":"","footer-sml-layout":"","ast-disable-related-posts":"","theme-transparent-header-meta":"","adv-header-id-meta":"","stick-header-meta":"","header-above-stick-meta":"","header-main-stick-meta":"","header-below-stick-meta":"","astra-migrate-meta-layouts":"default","ast-page-background-enabled":"default","ast-page-background-meta":{"desktop":{"background-color":"var(--ast-global-color-5)","background-image":"","background-repeat":"repeat","background-position":"center center","background-size":"auto","background-attachment":"scroll","background-type":"","background-media":"","overlay-type":"","overlay-color":"","overlay-opacity":"","overlay-gradient":""},"tablet":{"background-color":"","background-image":"","background-repeat":"repeat","background-position":"center center","background-size":"auto","background-attachment":"scroll","background-type":"","background-media":"","overlay-type":"","overlay-color":"","overlay-opacity":"","overlay-gradient":""},"mobile":{"background-color":"","background-image":"","background-repeat":"repeat","background-position":"center center","background-size":"auto","background-attachment":"scroll","background-type":"","background-media":"","overlay-type":"","overlay-color":"","overlay-opacity":"","overlay-gradient":""}},"ast-content-background-meta":{"desktop":{"background-color":"var(--ast-global-color-4)","background-image":"","background-repeat":"repeat","background-position":"center center","background-size":"auto","background-attachment":"scroll","background-type":"","background-media":"","overlay-type":"","overlay-color":"","overlay-opacity":"","overlay-gradient":""},"tablet":{"background-color":"var(--ast-global-color-4)","background-image":"","background-repeat":"repeat","background-position":"center center","background-size":"auto","background-attachment":"scroll","background-type":"","background-media":"","overlay-type":"","overlay-color":"","overlay-opacity":"","overlay-gradient":""},"mobile":{"background-color":"var(--ast-global-color-4)","background-image":"","background-repeat":"repeat","background-position":"center center","background-size":"auto","background-attachment":"scroll","background-type":"","background-media":"","overlay-type":"","overlay-color":"","overlay-opacity":"","overlay-gradient":""}},"footnotes":""},"class_list":["post-226","page","type-page","status-publish","hentry"],"_links":{"self":[{"href":"https:\/\/airspe.org\/index.php\/wp-json\/wp\/v2\/pages\/226","targetHints":{"allow":["GET"]}}],"collection":[{"href":"https:\/\/airspe.org\/index.php\/wp-json\/wp\/v2\/pages"}],"about":[{"href":"https:\/\/airspe.org\/index.php\/wp-json\/wp\/v2\/types\/page"}],"author":[{"embeddable":true,"href":"https:\/\/airspe.org\/index.php\/wp-json\/wp\/v2\/users\/1"}],"replies":[{"embeddable":true,"href":"https:\/\/airspe.org\/index.php\/wp-json\/wp\/v2\/comments?post=226"}],"version-history":[{"count":53,"href":"https:\/\/airspe.org\/index.php\/wp-json\/wp\/v2\/pages\/226\/revisions"}],"predecessor-version":[{"id":641,"href":"https:\/\/airspe.org\/index.php\/wp-json\/wp\/v2\/pages\/226\/revisions\/641"}],"up":[{"embeddable":true,"href":"https:\/\/airspe.org\/index.php\/wp-json\/wp\/v2\/pages\/139"}],"wp:attachment":[{"href":"https:\/\/airspe.org\/index.php\/wp-json\/wp\/v2\/media?parent=226"}],"curies":[{"name":"wp","href":"https:\/\/api.w.org\/{rel}","templated":true}]}}