{"id":20,"date":"2025-02-26T11:10:48","date_gmt":"2025-02-26T10:10:48","guid":{"rendered":"https:\/\/airspe.org\/?page_id=20"},"modified":"2025-09-08T10:22:03","modified_gmt":"2025-09-08T08:22:03","slug":"membres-du-conseil-dadministration","status":"publish","type":"page","link":"https:\/\/airspe.org\/index.php\/lassociation\/membres-du-conseil-dadministration\/","title":{"rendered":"Membres et partenaires"},"content":{"rendered":"\n<h2 class=\"wp-block-heading\">Membres du conseil d&#8217;adminisration<\/h2>\n\n\n\n<p>Denis Bignalet-Cazalet<br>Johan-Gunther Egginger<br>Olivier Francomme<br>Franc Morandi<br>Gwenaelle Ouanna<br>Adriana Parra-Carrasquilla<br>S\u00e9bastien Pesce<br>Florent Pasquier<br>Jean-Claude Sallaberry<br>Jean Vannereau<br>Pierre J. Laffitte<br>Marie-France Fanton Bayrou<br>Magdalena Kohout-Diaz<br>Anne Olivier<br><strong>Mexique&nbsp;:<\/strong> Patricia Ducoing<br><strong>Iran&nbsp;:<\/strong>&nbsp; Del Aram Bidabad (R 2023)<\/p>\n\n\n\n<h2 class=\"wp-block-heading\">Membres du bureau<\/h2>\n\n\n\n<p><strong>Pr\u00e9sident&nbsp;:<\/strong> Jean-Claude Sallaberry<br>T\u00e2che prioritaire&nbsp;: relations partenariales, s\u00e9minaires, revue (<em>L\u2019ann\u00e9e de la recherche en \u00e9ducation<\/em>)<\/p>\n\n\n\n<p><strong>Vice-pr\u00e9sident&nbsp;:<\/strong> Pierre J Laffitte, Franc Morandi<br>T\u00e2che prioritaire&nbsp;: aide \u00e0 l\u2019organisation de la revue (notamment les <em>varia<\/em>)<\/p>\n\n\n\n<p><strong>Tr\u00e9sorier&nbsp;:<\/strong> Denis Bignalet-Cazalet<br>T\u00e2che prioritaire&nbsp;: comptes associatifs, assembl\u00e9e g\u00e9n\u00e9rale<\/p>\n\n\n\n<p><strong>Tr\u00e9sorier adjoint&nbsp;:<\/strong>&nbsp;<br>T\u00e2che prioritaire&nbsp;: pr\u00e9sentation des comptes, d\u00e9claration imp\u00f4ts<\/p>\n\n\n\n<p><strong>Secr\u00e9taire g\u00e9n\u00e9ral&nbsp;:<\/strong> Olivier Francomme<br>T\u00e2che prioritaire&nbsp;: fichier, adh\u00e9sions, AG<\/p>\n\n\n\n<p><strong>Secr\u00e9taire g\u00e9n\u00e9ral adjoint&nbsp;:<\/strong> S\u00e9bastien Pesce<br>T\u00e2che prioritaire&nbsp;: diffusion revue<\/p>\n\n\n\n<p><strong>Secr\u00e9taire g\u00e9n\u00e9ral adjointe&nbsp;:<\/strong> Del Aram Bidabad<\/p>\n\n\n\n<p><strong>En charge de la revue&nbsp;:<\/strong> Pierre J. Laffitte<\/p>\n\n\n\n<p><strong>Repr\u00e9sentante du Mexique&nbsp;:<\/strong> Patricia Ducoing-Watti<\/p>\n\n\n\n<h2 class=\"wp-block-heading\">Partenaires<\/h2>\n\n\n\n<p><\/p>\n","protected":false},"excerpt":{"rendered":"<p>Membres du conseil d&#8217;adminisration Denis Bignalet-CazaletJohan-Gunther EggingerOlivier FrancommeFranc MorandiGwenaelle OuannaAdriana Parra-CarrasquillaS\u00e9bastien PesceFlorent PasquierJean-Claude SallaberryJean VannereauPierre J. LaffitteMarie-France Fanton BayrouMagdalena Kohout-DiazAnne OlivierMexique&nbsp;: Patricia DucoingIran&nbsp;:&nbsp; Del Aram Bidabad (R 2023) Membres du bureau Pr\u00e9sident&nbsp;: Jean-Claude SallaberryT\u00e2che prioritaire&nbsp;: relations partenariales, s\u00e9minaires, revue (L\u2019ann\u00e9e de la recherche en \u00e9ducation) Vice-pr\u00e9sident&nbsp;: Pierre J Laffitte, Franc MorandiT\u00e2che prioritaire&nbsp;: aide \u00e0 l\u2019organisation [&hellip;]<\/p>\n","protected":false},"author":1,"featured_media":0,"parent":137,"menu_order":0,"comment_status":"closed","ping_status":"closed","template":"","meta":{"site-sidebar-layout":"default","site-content-layout":"","ast-site-content-layout":"default","site-content-style":"default","site-sidebar-style":"default","ast-global-header-display":"","ast-banner-title-visibility":"","ast-main-header-display":"","ast-hfb-above-header-display":"","ast-hfb-below-header-display":"","ast-hfb-mobile-header-display":"","site-post-title":"","ast-breadcrumbs-content":"","ast-featured-img":"","footer-sml-layout":"","ast-disable-related-posts":"","theme-transparent-header-meta":"","adv-header-id-meta":"","stick-header-meta":"","header-above-stick-meta":"","header-main-stick-meta":"","header-below-stick-meta":"","astra-migrate-meta-layouts":"default","ast-page-background-enabled":"default","ast-page-background-meta":{"desktop":{"background-color":"var(--ast-global-color-5)","background-image":"","background-repeat":"repeat","background-position":"center center","background-size":"auto","background-attachment":"scroll","background-type":"","background-media":"","overlay-type":"","overlay-color":"","overlay-opacity":"","overlay-gradient":""},"tablet":{"background-color":"","background-image":"","background-repeat":"repeat","background-position":"center center","background-size":"auto","background-attachment":"scroll","background-type":"","background-media":"","overlay-type":"","overlay-color":"","overlay-opacity":"","overlay-gradient":""},"mobile":{"background-color":"","background-image":"","background-repeat":"repeat","background-position":"center center","background-size":"auto","background-attachment":"scroll","background-type":"","background-media":"","overlay-type":"","overlay-color":"","overlay-opacity":"","overlay-gradient":""}},"ast-content-background-meta":{"desktop":{"background-color":"var(--ast-global-color-4)","background-image":"","background-repeat":"repeat","background-position":"center center","background-size":"auto","background-attachment":"scroll","background-type":"","background-media":"","overlay-type":"","overlay-color":"","overlay-opacity":"","overlay-gradient":""},"tablet":{"background-color":"var(--ast-global-color-4)","background-image":"","background-repeat":"repeat","background-position":"center center","background-size":"auto","background-attachment":"scroll","background-type":"","background-media":"","overlay-type":"","overlay-color":"","overlay-opacity":"","overlay-gradient":""},"mobile":{"background-color":"var(--ast-global-color-4)","background-image":"","background-repeat":"repeat","background-position":"center center","background-size":"auto","background-attachment":"scroll","background-type":"","background-media":"","overlay-type":"","overlay-color":"","overlay-opacity":"","overlay-gradient":""}},"footnotes":""},"class_list":["post-20","page","type-page","status-publish","hentry"],"_links":{"self":[{"href":"https:\/\/airspe.org\/index.php\/wp-json\/wp\/v2\/pages\/20","targetHints":{"allow":["GET"]}}],"collection":[{"href":"https:\/\/airspe.org\/index.php\/wp-json\/wp\/v2\/pages"}],"about":[{"href":"https:\/\/airspe.org\/index.php\/wp-json\/wp\/v2\/types\/page"}],"author":[{"embeddable":true,"href":"https:\/\/airspe.org\/index.php\/wp-json\/wp\/v2\/users\/1"}],"replies":[{"embeddable":true,"href":"https:\/\/airspe.org\/index.php\/wp-json\/wp\/v2\/comments?post=20"}],"version-history":[{"count":3,"href":"https:\/\/airspe.org\/index.php\/wp-json\/wp\/v2\/pages\/20\/revisions"}],"predecessor-version":[{"id":407,"href":"https:\/\/airspe.org\/index.php\/wp-json\/wp\/v2\/pages\/20\/revisions\/407"}],"up":[{"embeddable":true,"href":"https:\/\/airspe.org\/index.php\/wp-json\/wp\/v2\/pages\/137"}],"wp:attachment":[{"href":"https:\/\/airspe.org\/index.php\/wp-json\/wp\/v2\/media?parent=20"}],"curies":[{"name":"wp","href":"https:\/\/api.w.org\/{rel}","templated":true}]}}