{"id":139,"date":"2025-03-07T08:58:14","date_gmt":"2025-03-07T07:58:14","guid":{"rendered":"https:\/\/airspe.org\/?page_id=139"},"modified":"2025-04-11T17:33:01","modified_gmt":"2025-04-11T15:33:01","slug":"la-revue","status":"publish","type":"page","link":"https:\/\/airspe.org\/index.php\/la-revue\/","title":{"rendered":"La revue A.R.S.E."},"content":{"rendered":"\n<p><em>L\u2019Ann\u00e9e de la recherche en sciences de l\u2019\u00e9ducation<\/em>&nbsp;existe depuis plus de trente ann\u00e9es. Elle a \u00e9t\u00e9 cr\u00e9\u00e9e par les fondatrices et fondateurs de l\u2019Afirse, Association francophone internationale de recherche scientifique en \u00e9ducation&nbsp;; cette \u00e9quipe, devenue ensuite l\u2019Afirse-section fran\u00e7aise, s\u2019est autonomis\u00e9e en 2022 pour devenir l\u2019Airsp\u00e9.<\/p>\n\n\n\n<p><em>L\u2019Ann\u00e9e<\/em>, c\u2019est toute une page d\u2019histoire r\u00e9cente qui se lit au travers de ses nombreuses livraisons, dans le champ des sciences de l\u2019\u00e9ducation et dans ses rapports avec le champ des p\u00e9dagogies, de l\u2019\u00e9ducation (formelle, populaire, etc.), et plus largement avec le champ social, avec l\u2019\u00e9pist\u00e9mologie des sciences humaines et ses diff\u00e9rentes disciplines, et la culture sous toutes ses formes.<\/p>\n\n\n\n<p>Mais c\u2019est aussi, n\u00e9e d\u2019un tel arri\u00e8re-pays, une actualit\u00e9 ouverte vers l\u2019avenir de nos champs de pens\u00e9e, de pratique et d\u2019existence, personnelles et collectives.<\/p>\n\n\n\n<p>Enfin, c\u2019est une revue francophone, mais ouverte \u00e0 la multiplicit\u00e9 des langues et des cultures&nbsp;: multitude de \u00ab&nbsp;fran\u00e7ais&nbsp;\u00bb, multitude d\u2019autres langues. C\u2019est pourquoi nous ouvrons notre atelier de pens\u00e9e et de publication \u00e0 cette t\u00e2che fondamentale&nbsp;: la traduction, qui est une transmission de m\u00eame importance que toutes les autres qui forment le nom commun du&nbsp;<em>souci<\/em>&nbsp;\u00e9thique et humain qui rassemblent les \u00eatres qui ont \u00e9crit, \u00e9crivent et \u00e9criront les pages et l\u2019histoire de notre revue.<\/p>\n\n\n\n<p>M\u00e9tissages permanents sur le registre de nos paroles comme de nos vies, de nos champs de savoir et de savoir-faire&nbsp;: bref, de nos praxis autant que de nos sciences.<\/p>\n\n\n\n<p><\/p>\n","protected":false},"excerpt":{"rendered":"<p>L\u2019Ann\u00e9e de la recherche en sciences de l\u2019\u00e9ducation&nbsp;existe depuis plus de trente ann\u00e9es. Elle a \u00e9t\u00e9 cr\u00e9\u00e9e par les fondatrices et fondateurs de l\u2019Afirse, Association francophone internationale de recherche scientifique en \u00e9ducation&nbsp;; cette \u00e9quipe, devenue ensuite l\u2019Afirse-section fran\u00e7aise, s\u2019est autonomis\u00e9e en 2022 pour devenir l\u2019Airsp\u00e9. L\u2019Ann\u00e9e, c\u2019est toute une page d\u2019histoire r\u00e9cente qui se lit [&hellip;]<\/p>\n","protected":false},"author":1,"featured_media":0,"parent":0,"menu_order":0,"comment_status":"closed","ping_status":"closed","template":"","meta":{"site-sidebar-layout":"default","site-content-layout":"","ast-site-content-layout":"default","site-content-style":"default","site-sidebar-style":"default","ast-global-header-display":"","ast-banner-title-visibility":"","ast-main-header-display":"","ast-hfb-above-header-display":"","ast-hfb-below-header-display":"","ast-hfb-mobile-header-display":"","site-post-title":"","ast-breadcrumbs-content":"","ast-featured-img":"","footer-sml-layout":"","ast-disable-related-posts":"","theme-transparent-header-meta":"","adv-header-id-meta":"","stick-header-meta":"","header-above-stick-meta":"","header-main-stick-meta":"","header-below-stick-meta":"","astra-migrate-meta-layouts":"default","ast-page-background-enabled":"default","ast-page-background-meta":{"desktop":{"background-color":"var(--ast-global-color-5)","background-image":"","background-repeat":"repeat","background-position":"center center","background-size":"auto","background-attachment":"scroll","background-type":"","background-media":"","overlay-type":"","overlay-color":"","overlay-opacity":"","overlay-gradient":""},"tablet":{"background-color":"","background-image":"","background-repeat":"repeat","background-position":"center center","background-size":"auto","background-attachment":"scroll","background-type":"","background-media":"","overlay-type":"","overlay-color":"","overlay-opacity":"","overlay-gradient":""},"mobile":{"background-color":"","background-image":"","background-repeat":"repeat","background-position":"center center","background-size":"auto","background-attachment":"scroll","background-type":"","background-media":"","overlay-type":"","overlay-color":"","overlay-opacity":"","overlay-gradient":""}},"ast-content-background-meta":{"desktop":{"background-color":"var(--ast-global-color-4)","background-image":"","background-repeat":"repeat","background-position":"center center","background-size":"auto","background-attachment":"scroll","background-type":"","background-media":"","overlay-type":"","overlay-color":"","overlay-opacity":"","overlay-gradient":""},"tablet":{"background-color":"var(--ast-global-color-4)","background-image":"","background-repeat":"repeat","background-position":"center center","background-size":"auto","background-attachment":"scroll","background-type":"","background-media":"","overlay-type":"","overlay-color":"","overlay-opacity":"","overlay-gradient":""},"mobile":{"background-color":"var(--ast-global-color-4)","background-image":"","background-repeat":"repeat","background-position":"center center","background-size":"auto","background-attachment":"scroll","background-type":"","background-media":"","overlay-type":"","overlay-color":"","overlay-opacity":"","overlay-gradient":""}},"footnotes":""},"class_list":["post-139","page","type-page","status-publish","hentry"],"_links":{"self":[{"href":"https:\/\/airspe.org\/index.php\/wp-json\/wp\/v2\/pages\/139","targetHints":{"allow":["GET"]}}],"collection":[{"href":"https:\/\/airspe.org\/index.php\/wp-json\/wp\/v2\/pages"}],"about":[{"href":"https:\/\/airspe.org\/index.php\/wp-json\/wp\/v2\/types\/page"}],"author":[{"embeddable":true,"href":"https:\/\/airspe.org\/index.php\/wp-json\/wp\/v2\/users\/1"}],"replies":[{"embeddable":true,"href":"https:\/\/airspe.org\/index.php\/wp-json\/wp\/v2\/comments?post=139"}],"version-history":[{"count":3,"href":"https:\/\/airspe.org\/index.php\/wp-json\/wp\/v2\/pages\/139\/revisions"}],"predecessor-version":[{"id":229,"href":"https:\/\/airspe.org\/index.php\/wp-json\/wp\/v2\/pages\/139\/revisions\/229"}],"wp:attachment":[{"href":"https:\/\/airspe.org\/index.php\/wp-json\/wp\/v2\/media?parent=139"}],"curies":[{"name":"wp","href":"https:\/\/api.w.org\/{rel}","templated":true}]}}